{"id":367,"date":"2016-04-11T11:51:04","date_gmt":"2016-04-11T09:51:04","guid":{"rendered":"http:\/\/www.milumammu.lv\/?page_id=367"},"modified":"2021-05-11T10:36:30","modified_gmt":"2021-05-11T08:36:30","slug":"piegades-iespejas","status":"publish","type":"page","link":"https:\/\/www.milumammu.lv\/?page_id=367","title":{"rendered":"Pieg\u0101des iesp\u0113jas"},"content":{"rendered":"<p>\u0160obr\u012bd pied\u0101v\u0101jam tr\u012bs <strong>pieg\u0101des<\/strong> veidus <strong>Latvij\u0101<\/strong>. Izmantojam Latvijas pasts un Omniva pakalpojumus, k\u0101 ar\u012b iesp\u0113jams sa\u0146emt preci Olain\u0113.<\/p>\n<ul>\n<li>Sa\u0146emt kl\u0101tien\u0113 <strong>Olain\u0113<\/strong> \u2013 bez maksas<\/li>\n<li>Izmantojot <strong>Latvijas pasta<\/strong> starpniec\u012bbu \u2013 maksa 3,00 Eur<\/li>\n<li>Izmantojot <strong>Omniva<\/strong> starpniec\u012bbu \u2013 maksa 3,00 Eur<\/li>\n<\/ul>\n<p>Pas\u016bt\u012bjums tiek apstr\u0101d\u0101ts diennakts laik\u0101. Pas\u016bt\u012bjumu <strong>izpildes termi\u0146\u0161 ir\u00a02-3 ned\u0113\u013cas,<\/strong> ta\u010du tas atkar\u012bgs no m\u016bsu noslodzes, t\u0101d\u0113\u013c pirms pas\u016bt\u012bjuma apstiprin\u0101\u0161anas ar Jums sazin\u0101sies, lai preciz\u0113tu pas\u016bt\u012bjuma izpildes termi\u0146u, k\u0101 ar\u012b uz J\u016bsu e-pastu tiks nos\u016bt\u012bts pas\u016bt\u012bjuma r\u0113\u0137ins.<\/p>\n<p>\u21d2 M\u016bsu produkciju ir iesp\u0113jams\u00a0sa\u0146emt vai nos\u016bt\u012bt k\u0101dam k\u0101 d\u0101vani\u0146u\u00a0ar\u012b <strong>\u0101rpus Latvijas robe\u017e\u0101m<\/strong>.<\/p>\n<p>Par \u0161\u0101diem pas\u016bt\u012bjumiem un to s\u016bt\u012b\u0161anas izmaks\u0101m \/ opcij\u0101m <strong>sazin\u0101ties<\/strong> ar mums, <strong>izmantojot e-pastu<\/strong> &#8211; info@milumammu.lv<\/p>\n<p>\u21d2 Our products you can receive or send to someone as present, also <strong>abroad<\/strong>.<\/p>\n<p>Regarding such orders and their shipment costs \/ options, please <strong>contact<\/strong> us via <strong>email<\/strong> &#8211; info@milumammu.lv<\/p>\n<p>&nbsp;<\/p>\n<p><a href=\"http:\/\/www.milumammu.lv\/wp-content\/uploads\/2016\/04\/12980738_1524449874529807_155191720_o.jpg\" rel=\"attachment wp-att-482\"><img loading=\"lazy\" decoding=\"async\" class=\"alignnone size-medium wp-image-482\" src=\"http:\/\/www.milumammu.lv\/wp-content\/uploads\/2016\/04\/12980738_1524449874529807_155191720_o-300x269.jpg\" alt=\"\" width=\"300\" height=\"269\" srcset=\"https:\/\/www.milumammu.lv\/wp-content\/uploads\/2016\/04\/12980738_1524449874529807_155191720_o-300x269.jpg 300w, https:\/\/www.milumammu.lv\/wp-content\/uploads\/2016\/04\/12980738_1524449874529807_155191720_o-768x689.jpg 768w, https:\/\/www.milumammu.lv\/wp-content\/uploads\/2016\/04\/12980738_1524449874529807_155191720_o-1024x919.jpg 1024w, https:\/\/www.milumammu.lv\/wp-content\/uploads\/2016\/04\/12980738_1524449874529807_155191720_o.jpg 2048w\" sizes=\"(max-width: 300px) 100vw, 300px\" \/><\/a><\/p>\n","protected":false},"excerpt":{"rendered":"<p>\u0160obr\u012bd pied\u0101v\u0101jam tr\u012bs pieg\u0101des veidus Latvij\u0101. Izmantojam Latvijas pasts un Omniva pakalpojumus, k\u0101 ar\u012b iesp\u0113jams sa\u0146emt preci Olain\u0113. Sa\u0146emt kl\u0101tien\u0113 Olain\u0113 \u2013 bez maksas Izmantojot Latvijas pasta starpniec\u012bbu \u2013 maksa 3,00 Eur Izmantojot Omniva starpniec\u012bbu \u2013 maksa 3,00 Eur Pas\u016bt\u012bjums tiek apstr\u0101d\u0101ts diennakts laik\u0101. Pas\u016bt\u012bjumu izpildes termi\u0146\u0161 ir\u00a02-3 ned\u0113\u013cas, ta\u010du tas atkar\u012bgs no m\u016bsu noslodzes, [&hellip;]<\/p>\n","protected":false},"author":2,"featured_media":1693,"parent":0,"menu_order":20,"comment_status":"closed","ping_status":"closed","template":"","meta":{"footnotes":""},"_links":{"self":[{"href":"https:\/\/www.milumammu.lv\/index.php?rest_route=\/wp\/v2\/pages\/367"}],"collection":[{"href":"https:\/\/www.milumammu.lv\/index.php?rest_route=\/wp\/v2\/pages"}],"about":[{"href":"https:\/\/www.milumammu.lv\/index.php?rest_route=\/wp\/v2\/types\/page"}],"author":[{"embeddable":true,"href":"https:\/\/www.milumammu.lv\/index.php?rest_route=\/wp\/v2\/users\/2"}],"replies":[{"embeddable":true,"href":"https:\/\/www.milumammu.lv\/index.php?rest_route=%2Fwp%2Fv2%2Fcomments&post=367"}],"version-history":[{"count":9,"href":"https:\/\/www.milumammu.lv\/index.php?rest_route=\/wp\/v2\/pages\/367\/revisions"}],"predecessor-version":[{"id":1694,"href":"https:\/\/www.milumammu.lv\/index.php?rest_route=\/wp\/v2\/pages\/367\/revisions\/1694"}],"wp:featuredmedia":[{"embeddable":true,"href":"https:\/\/www.milumammu.lv\/index.php?rest_route=\/wp\/v2\/media\/1693"}],"wp:attachment":[{"href":"https:\/\/www.milumammu.lv\/index.php?rest_route=%2Fwp%2Fv2%2Fmedia&parent=367"}],"curies":[{"name":"wp","href":"https:\/\/api.w.org\/{rel}","templated":true}]}}