{"id":679,"date":"2016-12-04T13:24:04","date_gmt":"2016-12-04T11:24:04","guid":{"rendered":"http:\/\/www.milumammu.lv\/?page_id=679"},"modified":"2016-12-04T13:24:04","modified_gmt":"2016-12-04T11:24:04","slug":"davanu-kartes","status":"publish","type":"page","link":"https:\/\/www.milumammu.lv\/?page_id=679","title":{"rendered":"D\u0101vanu kartes"},"content":{"rendered":"<p><strong>MiluMammu d\u0101vanu kartes\u00a0vari ieg\u0101d\u0101ties \u0161eit:\u00a0<\/strong><a href=\"http:\/\/www.milumammu.lv\/?product_cat=davanu-kartes\" target=\"_blank\">MiluMammu d\u0101vanu kartes<\/a><\/p>\n<p><strong>Pieg\u0101des iesp\u0113jas:<\/strong><\/p>\n<ul>\n<li>Elektroniski PDF fails e-past\u0101 \u2013 bez maksas (iesp\u0113jams, ja pas\u016bta tikai d\u0101vanu karti)<\/li>\n<li>Izmantojot Latvijas pasta starpniec\u012bbu \u2013 maksa 3,00 Eur<\/li>\n<li>Izmantojot Omnivas pakom\u0101tu starpniec\u012bbu \u2013 maksa 3,00 Eur<\/li>\n<li>Sa\u0146emt kl\u0101tien\u0113 Olain\u0113 \u2013 bez maksas (iepriek\u0161 sazinoties un vienojieties)<\/li>\n<\/ul>\n<p><strong>K\u0101 iepirkties ar MiluMammu d\u0101vanu karti?<\/strong><\/p>\n<p>Katra d\u0101vanu karte ir re\u0123istr\u0113ta sist\u0113m\u0101 ar savu unik\u0101lo numuru, t\u0101s v\u0113rt\u012bbu un der\u012bguma termi\u0146u.<\/p>\n<p>Iep\u0113rcies MiluMammu internetveikal\u0101, izv\u0113loties sev t\u012bkam\u0101kos produktus, izveido iepirkuma grozu.<\/p>\n<p>Spied uz <strong>\u201cSkat\u012bt grozu\u201d<\/strong> un dodieties uz \u201cIepirkumu grozs\u201d, zem izv\u0113l\u0113tajiem produktiem b\u016bs aile <strong>\u201cKupona kods\u201d<\/strong>, tur ievadi savas <strong>d\u0101vanu kartes numuru<\/strong> un nospied <strong>\u201cIzmantot kuponu\u201d<\/strong><\/p>\n<p>Groza kopsavilkum\u0101 b\u016bs redzams tas, ka d\u0101vanu kartes summa b\u016bs no\u0146emta, t\u0101l\u0101k l\u016bdzu noform\u0113jiet savu pas\u016bt\u012bjumu, izv\u0113loties pieg\u0101des veidu un aizpildot nepiecie\u0161amo inform\u0101ciju.<\/p>\n<p><strong>Uzman\u012bbu!<\/strong><\/p>\n<p>Inform\u0113jam, ka MiluMammu d\u0101vanu karti var izmantot tikai vienam pirkumam un par t\u0101s v\u0113rt\u012bbu var ieg\u0101d\u0101ties jebkurus MiluMammu internetveikal\u0101 pieejamos produktus.<\/p>\n<p>Ja ir k\u0101das probl\u0113mas, l\u016bdzu, sazinieties ar mums rakstot uz <a href=\"mailto:info@milumammu.lv\">info@milumammu.lv<\/a><\/p>\n","protected":false},"excerpt":{"rendered":"<p>MiluMammu d\u0101vanu kartes\u00a0vari ieg\u0101d\u0101ties \u0161eit:\u00a0MiluMammu d\u0101vanu kartes Pieg\u0101des iesp\u0113jas: Elektroniski PDF fails e-past\u0101 \u2013 bez maksas (iesp\u0113jams, ja pas\u016bta tikai d\u0101vanu karti) Izmantojot Latvijas pasta starpniec\u012bbu \u2013 maksa 3,00 Eur Izmantojot Omnivas pakom\u0101tu starpniec\u012bbu \u2013 maksa 3,00 Eur Sa\u0146emt kl\u0101tien\u0113 Olain\u0113 \u2013 bez maksas (iepriek\u0161 sazinoties un vienojieties) K\u0101 iepirkties ar MiluMammu d\u0101vanu karti? Katra [&hellip;]<\/p>\n","protected":false},"author":2,"featured_media":701,"parent":0,"menu_order":18,"comment_status":"closed","ping_status":"closed","template":"","meta":{"footnotes":""},"_links":{"self":[{"href":"https:\/\/www.milumammu.lv\/index.php?rest_route=\/wp\/v2\/pages\/679"}],"collection":[{"href":"https:\/\/www.milumammu.lv\/index.php?rest_route=\/wp\/v2\/pages"}],"about":[{"href":"https:\/\/www.milumammu.lv\/index.php?rest_route=\/wp\/v2\/types\/page"}],"author":[{"embeddable":true,"href":"https:\/\/www.milumammu.lv\/index.php?rest_route=\/wp\/v2\/users\/2"}],"replies":[{"embeddable":true,"href":"https:\/\/www.milumammu.lv\/index.php?rest_route=%2Fwp%2Fv2%2Fcomments&post=679"}],"version-history":[{"count":7,"href":"https:\/\/www.milumammu.lv\/index.php?rest_route=\/wp\/v2\/pages\/679\/revisions"}],"predecessor-version":[{"id":713,"href":"https:\/\/www.milumammu.lv\/index.php?rest_route=\/wp\/v2\/pages\/679\/revisions\/713"}],"wp:featuredmedia":[{"embeddable":true,"href":"https:\/\/www.milumammu.lv\/index.php?rest_route=\/wp\/v2\/media\/701"}],"wp:attachment":[{"href":"https:\/\/www.milumammu.lv\/index.php?rest_route=%2Fwp%2Fv2%2Fmedia&parent=679"}],"curies":[{"name":"wp","href":"https:\/\/api.w.org\/{rel}","templated":true}]}}