{"id":1172,"date":"2018-08-04T10:11:50","date_gmt":"2018-08-04T08:11:50","guid":{"rendered":"http:\/\/www.milumammu.lv\/?product=montessori-prieksauts-dzeltenie-krasainie-kaki"},"modified":"2022-09-20T15:13:26","modified_gmt":"2022-09-20T13:13:26","slug":"montessori-prieksauts-dzeltenie-krasainie-kaki","status":"publish","type":"product","link":"https:\/\/www.milumammu.lv\/?product=montessori-prieksauts-dzeltenie-krasainie-kaki","title":{"rendered":"Zilie trijst\u016bri &#8211; 4\/5 gadi"},"content":{"rendered":"<p>Pieejams att\u0113l\u0101 redzamais kr\u0101su salikums ar nor\u0101d\u012btajiem izm\u0113riem.<\/p>\n<p>Ja v\u0113laties citu kr\u0101su salikumu vai izm\u0113ru, tad apskatiet pieejamos Montessori priek\u0161autus m\u016bsu internetveikala sada\u013c\u0101\u00a0<a href=\"http:\/\/www.milumammu.lv\/?product_cat=montessori-prieksauti\" target=\"_blank\">Montessori priek\u0161auti<\/a>, kur var\u0113siet atrast sev t\u012bkamo kr\u0101su salikumu un\/ vai izm\u0113ru.<\/p>\n<p>Priek\u0161sauti tiek \u0161\u016bti ar\u012b p\u0113c individu\u0101liem pas\u016bt\u012bjumiem (gan kr\u0101s\u0101m, gan izm\u0113riem), ja v\u0113laties individu\u0101li pas\u016bt\u012bt, l\u016bdzu sazinieties ar mums e-past\u0101 &#8211; info@milumammu.lv<\/p>\n","protected":false},"excerpt":{"rendered":"<p>100% roku darbs.<\/p>\n<p>Priek\u0161autam izmantots 100% kokvilnas audums &#8211; kr\u0101sains kokvilnas audums ar att\u0113liem priek\u0161pus\u0113 un vienkr\u0101sains priek\u0161auta aizmugurei, lencei, kabatai un jostai, pie jostas un priek\u0161auta pie\u0161\u016bta lipek\u013ca lente.<\/p>\n<p>Priek\u0161auti ir \u0161\u016bti p\u0113c Montessori pedago\u0123ijas piem\u0113riem, lai b\u0113rns var\u0113tu tos br\u012bvi uzvilkt bez pieaugu\u0161\u0101 pal\u012bdz\u012bbas.<\/p>\n<p>Priek\u0161auta kakla da\u013c\u0101 ir izmantota gumija, ko b\u0113rns viegli var aplikt, un jostas da\u013cai ir pie\u0161\u016bta lipek\u013ca lente, lai b\u0113rns pats var\u0113tu to viegli aiztais\u012bt.<\/p>\n<p>Lai vienm\u0113r viss svar\u012bgais b\u016btu l\u012bdzi, priek\u0161auta priek\u0161pus\u0113 ir pie\u0161\u016bta kabati\u0146a.<\/p>\n<p>\u013bauj savam b\u0113rnam justies br\u012bvi ikdienas darbos!<\/p>\n","protected":false},"featured_media":1462,"comment_status":"closed","ping_status":"closed","template":"","meta":[],"product_cat":[317],"product_tag":[326,327,319,321,322,318,320],"_links":{"self":[{"href":"https:\/\/www.milumammu.lv\/index.php?rest_route=\/wp\/v2\/product\/1172"}],"collection":[{"href":"https:\/\/www.milumammu.lv\/index.php?rest_route=\/wp\/v2\/product"}],"about":[{"href":"https:\/\/www.milumammu.lv\/index.php?rest_route=\/wp\/v2\/types\/product"}],"replies":[{"embeddable":true,"href":"https:\/\/www.milumammu.lv\/index.php?rest_route=%2Fwp%2Fv2%2Fcomments&post=1172"}],"wp:featuredmedia":[{"embeddable":true,"href":"https:\/\/www.milumammu.lv\/index.php?rest_route=\/wp\/v2\/media\/1462"}],"wp:attachment":[{"href":"https:\/\/www.milumammu.lv\/index.php?rest_route=%2Fwp%2Fv2%2Fmedia&parent=1172"}],"wp:term":[{"taxonomy":"product_cat","embeddable":true,"href":"https:\/\/www.milumammu.lv\/index.php?rest_route=%2Fwp%2Fv2%2Fproduct_cat&post=1172"},{"taxonomy":"product_tag","embeddable":true,"href":"https:\/\/www.milumammu.lv\/index.php?rest_route=%2Fwp%2Fv2%2Fproduct_tag&post=1172"}],"curies":[{"name":"wp","href":"https:\/\/api.w.org\/{rel}","templated":true}]}}