{"id":1209,"date":"2018-09-30T18:56:42","date_gmt":"2018-09-30T16:56:42","guid":{"rendered":"http:\/\/www.milumammu.lv\/?product=tunelsalle-45cm-kalni-ar-peleku"},"modified":"2022-09-20T15:07:01","modified_gmt":"2022-09-20T13:07:01","slug":"tunelsalle-45cm-kalni-ar-peleku","status":"publish","type":"product","link":"https:\/\/www.milumammu.lv\/?product=tunelsalle-45cm-kalni-ar-peleku","title":{"rendered":"Tune\u013c\u0161alle (45cm) &#8211; kalni ar pel\u0113ku"},"content":{"rendered":"<p>Pieejams att\u0113l\u0101 redzamais kr\u0101su salikums nor\u0101d\u012btaj\u0101 izm\u0113r\u0101.<\/p>\n<p>Ja v\u0113laties citu kr\u0101su salikumu vai izm\u0113ru, tad apskatiet pieejam\u0101s tune\u013c\u0161alles m\u016bsu internetveikala sada\u013c\u0101\u00a0<a href=\"http:\/\/www.milumammu.lv\/?product_cat=tunelsalles\" target=\"_blank\">Tune\u013c\u0161alles<\/a>, kur var\u0113siet atrast sev t\u012bkamo kr\u0101su salikumu un\/ vai izm\u0113ru.<\/p>\n<p>Tune\u013c\u0161alles tiek \u0161\u016btas ar\u012b p\u0113c individu\u0101liem pas\u016bt\u012bjumiem (gan kr\u0101s\u0101m, gan izm\u0113riem), ja v\u0113laties individu\u0101li pas\u016bt\u012bt, l\u016bdzu sazinieties ar mums e-past\u0101 &#8211; info@milumammu.lv<\/p>\n","protected":false},"excerpt":{"rendered":"<p>100% roku darbs.<\/p>\n<p>Tune\u013c\u0161allei tiek izmantots kokvilnas trikot\u0101\u017eas audums (kokvilna + elast\u0101ns).<\/p>\n<p>Tune\u013c\u0161alles tiek \u0161\u016btas no da\u017e\u0101da biezuma, kr\u0101su un dizaina trikot\u0101\u017eas audumiem, kombin\u0113jot lab\u0101ko kr\u0101su salikumu un \u0161alles biezumu.<\/p>\n<p>\u0160all\u0113m izm\u0113r\u0101 tiek nor\u0101d\u012bts \u0161alles apk\u0101rtm\u0113rs centimetros.<\/p>\n<p>\u0160alles izm\u0113rs &#8211; 45 cm (1-2 gadi)<\/p>\n<p>\u0160alles biezums &#8211; pl\u0101ns + vid\u0113js audumu salikums<\/p>\n","protected":false},"featured_media":1210,"comment_status":"closed","ping_status":"closed","template":"","meta":[],"product_cat":[328],"product_tag":[330,333,331,332,329],"_links":{"self":[{"href":"https:\/\/www.milumammu.lv\/index.php?rest_route=\/wp\/v2\/product\/1209"}],"collection":[{"href":"https:\/\/www.milumammu.lv\/index.php?rest_route=\/wp\/v2\/product"}],"about":[{"href":"https:\/\/www.milumammu.lv\/index.php?rest_route=\/wp\/v2\/types\/product"}],"replies":[{"embeddable":true,"href":"https:\/\/www.milumammu.lv\/index.php?rest_route=%2Fwp%2Fv2%2Fcomments&post=1209"}],"wp:featuredmedia":[{"embeddable":true,"href":"https:\/\/www.milumammu.lv\/index.php?rest_route=\/wp\/v2\/media\/1210"}],"wp:attachment":[{"href":"https:\/\/www.milumammu.lv\/index.php?rest_route=%2Fwp%2Fv2%2Fmedia&parent=1209"}],"wp:term":[{"taxonomy":"product_cat","embeddable":true,"href":"https:\/\/www.milumammu.lv\/index.php?rest_route=%2Fwp%2Fv2%2Fproduct_cat&post=1209"},{"taxonomy":"product_tag","embeddable":true,"href":"https:\/\/www.milumammu.lv\/index.php?rest_route=%2Fwp%2Fv2%2Fproduct_tag&post=1209"}],"curies":[{"name":"wp","href":"https:\/\/api.w.org\/{rel}","templated":true}]}}