{"id":128,"date":"2016-01-14T19:16:37","date_gmt":"2016-01-14T16:16:37","guid":{"rendered":"http:\/\/milumammu.ddns.net\/?post_type=product&#038;p=128"},"modified":"2024-03-27T22:20:37","modified_gmt":"2024-03-27T20:20:37","slug":"kiploks-garlic","status":"publish","type":"product","link":"https:\/\/www.milumammu.lv\/?product=kiploks-garlic","title":{"rendered":"\u0136iploks"},"content":{"rendered":"<p>\u0136iploks sast\u0101v no k\u0101ta un septi\u0146\u0101m maz\u0101m \u0137iploka daivi\u0146\u0101m.<\/p>\n<p>Katrai \u0137iploka daivi\u0146ai ir divas cilpi\u0146as &#8211; aug\u0161\u0101 un apak\u0161\u0101. Aug\u0161\u0113j\u0101s cilpi\u0146as tiek uzkabin\u0101tas uz k\u0101ti\u0146a, bet ar apak\u0161\u0113jo cilpi\u0146u \u0137iploka daivi\u0146a tiek apak\u0161\u0101 piepog\u0101ta. Darbo\u0161an\u0101s ar \u0137iploka cilpi\u0146\u0101m att\u012bst\u012bs s\u012bko roku motoriku.<\/p>\n","protected":false},"excerpt":{"rendered":"<p>100% roku darbs. Izmantota: vilnas un akrila dzija, pild\u012bts ar sinteponu.<\/p>\n<p>&nbsp;<\/p>\n","protected":false},"featured_media":129,"comment_status":"open","ping_status":"closed","template":"","meta":[],"product_cat":[7],"product_tag":[57,107,106,108,63,59],"_links":{"self":[{"href":"https:\/\/www.milumammu.lv\/index.php?rest_route=\/wp\/v2\/product\/128"}],"collection":[{"href":"https:\/\/www.milumammu.lv\/index.php?rest_route=\/wp\/v2\/product"}],"about":[{"href":"https:\/\/www.milumammu.lv\/index.php?rest_route=\/wp\/v2\/types\/product"}],"replies":[{"embeddable":true,"href":"https:\/\/www.milumammu.lv\/index.php?rest_route=%2Fwp%2Fv2%2Fcomments&post=128"}],"wp:featuredmedia":[{"embeddable":true,"href":"https:\/\/www.milumammu.lv\/index.php?rest_route=\/wp\/v2\/media\/129"}],"wp:attachment":[{"href":"https:\/\/www.milumammu.lv\/index.php?rest_route=%2Fwp%2Fv2%2Fmedia&parent=128"}],"wp:term":[{"taxonomy":"product_cat","embeddable":true,"href":"https:\/\/www.milumammu.lv\/index.php?rest_route=%2Fwp%2Fv2%2Fproduct_cat&post=128"},{"taxonomy":"product_tag","embeddable":true,"href":"https:\/\/www.milumammu.lv\/index.php?rest_route=%2Fwp%2Fv2%2Fproduct_tag&post=128"}],"curies":[{"name":"wp","href":"https:\/\/api.w.org\/{rel}","templated":true}]}}