{"id":140,"date":"2016-01-14T19:29:30","date_gmt":"2016-01-14T16:29:30","guid":{"rendered":"http:\/\/milumammu.ddns.net\/?post_type=product&#038;p=140"},"modified":"2025-11-22T12:49:06","modified_gmt":"2025-11-22T10:49:06","slug":"abols-apple","status":"publish","type":"product","link":"https:\/\/www.milumammu.lv\/?product=abols-apple","title":{"rendered":"\u0100bols"},"content":{"rendered":"<p>\u0100bols sast\u0101v no \u0101bola mizas un se\u0161\u0101m \u0101bola daivi\u0146\u0101m.<\/p>\n<p>Darbo\u0161an\u0101s ar \u0101bola mizas cilpi\u0146\u0101m, kuras nepiecie\u0161ams uzkabin\u0101t uz k\u0101ti\u0146a, lai aizv\u0113rtu \u0101bola mizu, pal\u012bdz\u0113s att\u012bst\u012bt s\u012bko roku motoriku.<\/p>\n<p><em>* \u0100bola ideja aizg\u016bta no Melissa Shepard aprakstiem!<\/em><\/p>\n","protected":false},"excerpt":{"rendered":"<p>100% roku darbs. Izmantota: vilnas un akrila dzija, pild\u012bts ar sinteponu.<\/p>\n<p>&nbsp;<\/p>\n","protected":false},"featured_media":421,"comment_status":"open","ping_status":"closed","template":"","meta":[],"product_cat":[7],"product_tag":[95,96,79,97,78,98],"_links":{"self":[{"href":"https:\/\/www.milumammu.lv\/index.php?rest_route=\/wp\/v2\/product\/140"}],"collection":[{"href":"https:\/\/www.milumammu.lv\/index.php?rest_route=\/wp\/v2\/product"}],"about":[{"href":"https:\/\/www.milumammu.lv\/index.php?rest_route=\/wp\/v2\/types\/product"}],"replies":[{"embeddable":true,"href":"https:\/\/www.milumammu.lv\/index.php?rest_route=%2Fwp%2Fv2%2Fcomments&post=140"}],"wp:featuredmedia":[{"embeddable":true,"href":"https:\/\/www.milumammu.lv\/index.php?rest_route=\/wp\/v2\/media\/421"}],"wp:attachment":[{"href":"https:\/\/www.milumammu.lv\/index.php?rest_route=%2Fwp%2Fv2%2Fmedia&parent=140"}],"wp:term":[{"taxonomy":"product_cat","embeddable":true,"href":"https:\/\/www.milumammu.lv\/index.php?rest_route=%2Fwp%2Fv2%2Fproduct_cat&post=140"},{"taxonomy":"product_tag","embeddable":true,"href":"https:\/\/www.milumammu.lv\/index.php?rest_route=%2Fwp%2Fv2%2Fproduct_tag&post=140"}],"curies":[{"name":"wp","href":"https:\/\/api.w.org\/{rel}","templated":true}]}}