{"id":1562,"date":"2020-12-13T18:32:42","date_gmt":"2020-12-13T16:32:42","guid":{"rendered":"http:\/\/www.milumammu.lv\/?product=roza-kucinas-nr-3-45-gadi"},"modified":"2023-04-07T09:49:06","modified_gmt":"2023-04-07T07:49:06","slug":"roza-kucinas-nr-3-45-gadi","status":"publish","type":"product","link":"https:\/\/www.milumammu.lv\/?product=roza-kucinas-nr-3-45-gadi","title":{"rendered":"Kino koalas &#8211; 4\/5 gadi"},"content":{"rendered":"<p>Pieejams att\u0113l\u0101 redzamais kr\u0101su salikums ar nor\u0101d\u012btajiem izm\u0113riem.<\/p>\n<p>&nbsp;<\/p>\n","protected":false},"excerpt":{"rendered":"<p>100% roku darbs.<\/p>\n<p>Priek\u0161autam izmantots 100% kokvilnas audums &#8211; kr\u0101sains kokvilnas audums ar att\u0113liem priek\u0161pus\u0113 un vienkr\u0101sains priek\u0161auta aizmugurei, lencei un jostai, pie jostas un priek\u0161auta pie\u0161\u016bta lipek\u013ca lente.<\/p>\n<p>Priek\u0161auti ir t\u0101, lai b\u0113rns var\u0113tu tos br\u012bvi uzvilkt bez pieaugu\u0161\u0101 pal\u012bdz\u012bbas.<\/p>\n<p>Priek\u0161auta kakla da\u013c\u0101 ir izmantota gumija, ko b\u0113rns viegli var aplikt, un jostas da\u013cai ir pie\u0161\u016bta lipek\u013ca lente, lai b\u0113rns pats var\u0113tu to viegli aiztais\u012bt.<\/p>\n<p>\u013bauj savam b\u0113rnam justies br\u012bvi ikdienas darbos!<\/p>\n","protected":false},"featured_media":1851,"comment_status":"closed","ping_status":"closed","template":"","meta":[],"product_cat":[317],"product_tag":[319,360,357,321,355,356,359,322,318,354,358,320],"_links":{"self":[{"href":"https:\/\/www.milumammu.lv\/index.php?rest_route=\/wp\/v2\/product\/1562"}],"collection":[{"href":"https:\/\/www.milumammu.lv\/index.php?rest_route=\/wp\/v2\/product"}],"about":[{"href":"https:\/\/www.milumammu.lv\/index.php?rest_route=\/wp\/v2\/types\/product"}],"replies":[{"embeddable":true,"href":"https:\/\/www.milumammu.lv\/index.php?rest_route=%2Fwp%2Fv2%2Fcomments&post=1562"}],"wp:featuredmedia":[{"embeddable":true,"href":"https:\/\/www.milumammu.lv\/index.php?rest_route=\/wp\/v2\/media\/1851"}],"wp:attachment":[{"href":"https:\/\/www.milumammu.lv\/index.php?rest_route=%2Fwp%2Fv2%2Fmedia&parent=1562"}],"wp:term":[{"taxonomy":"product_cat","embeddable":true,"href":"https:\/\/www.milumammu.lv\/index.php?rest_route=%2Fwp%2Fv2%2Fproduct_cat&post=1562"},{"taxonomy":"product_tag","embeddable":true,"href":"https:\/\/www.milumammu.lv\/index.php?rest_route=%2Fwp%2Fv2%2Fproduct_tag&post=1562"}],"curies":[{"name":"wp","href":"https:\/\/api.w.org\/{rel}","templated":true}]}}