{"id":167,"date":"2016-01-14T20:11:52","date_gmt":"2016-01-14T17:11:52","guid":{"rendered":"http:\/\/milumammu.ddns.net\/?post_type=product&#038;p=167"},"modified":"2024-03-27T22:18:40","modified_gmt":"2024-03-27T20:18:40","slug":"sviestmaize-sandwich","status":"publish","type":"product","link":"https:\/\/www.milumammu.lv\/?product=sviestmaize-sandwich","title":{"rendered":"Sviestmaize"},"content":{"rendered":"<p>Pirkstu treni\u0146am &#8211; pog\u0101jama SVIESTMAIZE!<\/p>\n<p>Sviestmaize, kas sast\u0101v no tostermaizes, sal\u0101ta lapas, desas \u0161\u0137\u0113les un siera \u0161\u0137\u0113les!<\/p>\n<p>Sapog\u0101 sviestmaizi p\u0113c pa\u0161u v\u0113lm\u0113m!<\/p>\n<p>Lielisks pal\u012bgs, apg\u016bstot pog\u0101\u0161anas prasmes!<\/p>\n<p>&nbsp;<\/p>\n","protected":false},"excerpt":{"rendered":"<p>100% roku darbs. Izmantota: vilnas un akrila dzija, pild\u012bta ar sinteponu, poga &#8211; koka.<\/p>\n<p>&nbsp;<\/p>\n","protected":false},"featured_media":847,"comment_status":"open","ping_status":"closed","template":"","meta":[],"product_cat":[7],"product_tag":[64,71,63,62,61,29],"_links":{"self":[{"href":"https:\/\/www.milumammu.lv\/index.php?rest_route=\/wp\/v2\/product\/167"}],"collection":[{"href":"https:\/\/www.milumammu.lv\/index.php?rest_route=\/wp\/v2\/product"}],"about":[{"href":"https:\/\/www.milumammu.lv\/index.php?rest_route=\/wp\/v2\/types\/product"}],"replies":[{"embeddable":true,"href":"https:\/\/www.milumammu.lv\/index.php?rest_route=%2Fwp%2Fv2%2Fcomments&post=167"}],"wp:featuredmedia":[{"embeddable":true,"href":"https:\/\/www.milumammu.lv\/index.php?rest_route=\/wp\/v2\/media\/847"}],"wp:attachment":[{"href":"https:\/\/www.milumammu.lv\/index.php?rest_route=%2Fwp%2Fv2%2Fmedia&parent=167"}],"wp:term":[{"taxonomy":"product_cat","embeddable":true,"href":"https:\/\/www.milumammu.lv\/index.php?rest_route=%2Fwp%2Fv2%2Fproduct_cat&post=167"},{"taxonomy":"product_tag","embeddable":true,"href":"https:\/\/www.milumammu.lv\/index.php?rest_route=%2Fwp%2Fv2%2Fproduct_tag&post=167"}],"curies":[{"name":"wp","href":"https:\/\/api.w.org\/{rel}","templated":true}]}}