{"id":1734,"date":"2022-09-27T17:20:24","date_gmt":"2022-09-27T15:20:24","guid":{"rendered":"https:\/\/www.milumammu.lv\/?product=papagaili-nr-2-45-gadi"},"modified":"2022-09-27T17:24:37","modified_gmt":"2022-09-27T15:24:37","slug":"papagaili-nr-2-45-gadi","status":"publish","type":"product","link":"https:\/\/www.milumammu.lv\/?product=papagaili-nr-2-45-gadi","title":{"rendered":"Papagai\u013ci nr.2 &#8211; 4\/5 gadi"},"content":{"rendered":"<p>Pieejams att\u0113l\u0101 redzamais kr\u0101su salikums ar nor\u0101d\u012btajiem izm\u0113riem.<\/p>\n<p>&nbsp;<\/p>\n","protected":false},"excerpt":{"rendered":"<p>100% roku darbs.<\/p>\n<p>Priek\u0161autam izmantots 100% kokvilnas audums &#8211; kr\u0101sains kokvilnas audums ar att\u0113liem priek\u0161pus\u0113 un vienkr\u0101sains priek\u0161auta aizmugurei, lencei un jostai, pie jostas un priek\u0161auta pie\u0161\u016bta lipek\u013ca lente.<\/p>\n<p>Priek\u0161auti ir t\u0101, lai b\u0113rns var\u0113tu tos br\u012bvi uzvilkt bez pieaugu\u0161\u0101 pal\u012bdz\u012bbas.<\/p>\n<p>Priek\u0161auta kakla da\u013c\u0101 ir izmantota gumija, ko b\u0113rns viegli var aplikt, un jostas da\u013cai ir pie\u0161\u016bta lipek\u013ca lente, lai b\u0113rns pats var\u0113tu to viegli aiztais\u012bt.<\/p>\n<p>\u013bauj savam b\u0113rnam justies br\u012bvi ikdienas darbos!<\/p>\n","protected":false},"featured_media":1738,"comment_status":"closed","ping_status":"closed","template":"","meta":[],"product_cat":[317],"product_tag":[319,321,322,318,340,339,320],"_links":{"self":[{"href":"https:\/\/www.milumammu.lv\/index.php?rest_route=\/wp\/v2\/product\/1734"}],"collection":[{"href":"https:\/\/www.milumammu.lv\/index.php?rest_route=\/wp\/v2\/product"}],"about":[{"href":"https:\/\/www.milumammu.lv\/index.php?rest_route=\/wp\/v2\/types\/product"}],"replies":[{"embeddable":true,"href":"https:\/\/www.milumammu.lv\/index.php?rest_route=%2Fwp%2Fv2%2Fcomments&post=1734"}],"wp:featuredmedia":[{"embeddable":true,"href":"https:\/\/www.milumammu.lv\/index.php?rest_route=\/wp\/v2\/media\/1738"}],"wp:attachment":[{"href":"https:\/\/www.milumammu.lv\/index.php?rest_route=%2Fwp%2Fv2%2Fmedia&parent=1734"}],"wp:term":[{"taxonomy":"product_cat","embeddable":true,"href":"https:\/\/www.milumammu.lv\/index.php?rest_route=%2Fwp%2Fv2%2Fproduct_cat&post=1734"},{"taxonomy":"product_tag","embeddable":true,"href":"https:\/\/www.milumammu.lv\/index.php?rest_route=%2Fwp%2Fv2%2Fproduct_tag&post=1734"}],"curies":[{"name":"wp","href":"https:\/\/api.w.org\/{rel}","templated":true}]}}