{"id":174,"date":"2016-01-14T21:05:32","date_gmt":"2016-01-14T18:05:32","guid":{"rendered":"http:\/\/milumammu.ddns.net\/?post_type=product&#038;p=174"},"modified":"2021-02-21T15:47:34","modified_gmt":"2021-02-21T13:47:34","slug":"bumba-puzzle-ball","status":"publish","type":"product","link":"https:\/\/www.milumammu.lv\/?product=bumba-puzzle-ball","title":{"rendered":"Bumba"},"content":{"rendered":"<p>Inform\u0113jam, ka produktu \u012bst\u0101s kr\u0101sas var nedaudz at\u0161\u0137irties no att\u0113l\u0101 redzam\u0101s!<\/p>\n<p>Bumbas izjauk\u0161ana:<\/p>\n<p><a href=\"http:\/\/www.milumammu.net\/wp-content\/uploads\/2016\/01\/izjauksanaa.jpg\" rel=\"attachment wp-att-178\"><img loading=\"lazy\" decoding=\"async\" class=\"alignnone wp-image-178 size-medium\" src=\"http:\/\/www.milumammu.lv\/wp-content\/uploads\/2016\/01\/izjauksanaa-300x121.jpg\" alt=\"\" width=\"300\" height=\"121\" srcset=\"https:\/\/www.milumammu.lv\/wp-content\/uploads\/2016\/01\/izjauksanaa-300x121.jpg 300w, https:\/\/www.milumammu.lv\/wp-content\/uploads\/2016\/01\/izjauksanaa-768x310.jpg 768w, https:\/\/www.milumammu.lv\/wp-content\/uploads\/2016\/01\/izjauksanaa.jpg 925w\" sizes=\"(max-width: 300px) 100vw, 300px\" \/><\/a><\/p>\n<p>Bumbas salik\u0161ana:<\/p>\n<p><a href=\"http:\/\/www.milumammu.lv\/wp-content\/uploads\/2016\/01\/saliksana-1.jpg\" rel=\"attachment wp-att-179\"><img loading=\"lazy\" decoding=\"async\" class=\"alignnone wp-image-179 size-medium\" src=\"http:\/\/www.milumammu.lv\/wp-content\/uploads\/2016\/01\/saliksana-1-300x169.jpg\" alt=\"\" width=\"300\" height=\"169\" srcset=\"https:\/\/www.milumammu.lv\/wp-content\/uploads\/2016\/01\/saliksana-1-300x169.jpg 300w, https:\/\/www.milumammu.lv\/wp-content\/uploads\/2016\/01\/saliksana-1.jpg 758w\" sizes=\"(max-width: 300px) 100vw, 300px\" \/><\/a><\/p>\n<p><a href=\"http:\/\/www.milumammu.lv\/wp-content\/uploads\/2016\/01\/saliksana-2.jpg\" rel=\"attachment wp-att-180\"><img loading=\"lazy\" decoding=\"async\" class=\"alignnone wp-image-180 size-medium\" src=\"http:\/\/www.milumammu.lv\/wp-content\/uploads\/2016\/01\/saliksana-2-300x168.jpg\" alt=\"\" width=\"300\" height=\"168\" srcset=\"https:\/\/www.milumammu.lv\/wp-content\/uploads\/2016\/01\/saliksana-2-300x168.jpg 300w, https:\/\/www.milumammu.lv\/wp-content\/uploads\/2016\/01\/saliksana-2-768x429.jpg 768w, https:\/\/www.milumammu.lv\/wp-content\/uploads\/2016\/01\/saliksana-2.jpg 819w\" sizes=\"(max-width: 300px) 100vw, 300px\" \/><\/a><\/p>\n<p>&nbsp;<\/p>\n<p><em>*Bumbas ideja aizg\u016bta no <a href=\"http:\/\/www.lookatwhatimade.net\/crafts\/yarn\/crochet\/free-crochet-patterns\/crochet-amish-puzzle-ball\/\">Debri Uys<\/a> aprakstiem<\/em><\/p>\n","protected":false},"excerpt":{"rendered":"<p>100% roku darbs. Izmantota: vilnas un akrila dzija, pild\u012bta ar sinteponu.<\/p>\n<p>Iesp\u0113jams pas\u016bt\u012bt da\u017e\u0101d\u0101s kr\u0101s\u0101s!<\/p>\n<p>Bumba &#8220;kr\u0101su mix&#8221; &#8211; noz\u012bm\u0113 da\u017e\u0101du kr\u0101su salikums ar vienkr\u0101sainu malu, kr\u0101su salikums var at\u0161\u0137irties no\u00a0att\u0113l\u0101 redzam\u0101 salikuma.<\/p>\n<p>&nbsp;<\/p>\n","protected":false},"featured_media":761,"comment_status":"open","ping_status":"closed","template":"","meta":[],"product_cat":[134],"product_tag":[25,24,27,28,26],"_links":{"self":[{"href":"https:\/\/www.milumammu.lv\/index.php?rest_route=\/wp\/v2\/product\/174"}],"collection":[{"href":"https:\/\/www.milumammu.lv\/index.php?rest_route=\/wp\/v2\/product"}],"about":[{"href":"https:\/\/www.milumammu.lv\/index.php?rest_route=\/wp\/v2\/types\/product"}],"replies":[{"embeddable":true,"href":"https:\/\/www.milumammu.lv\/index.php?rest_route=%2Fwp%2Fv2%2Fcomments&post=174"}],"wp:featuredmedia":[{"embeddable":true,"href":"https:\/\/www.milumammu.lv\/index.php?rest_route=\/wp\/v2\/media\/761"}],"wp:attachment":[{"href":"https:\/\/www.milumammu.lv\/index.php?rest_route=%2Fwp%2Fv2%2Fmedia&parent=174"}],"wp:term":[{"taxonomy":"product_cat","embeddable":true,"href":"https:\/\/www.milumammu.lv\/index.php?rest_route=%2Fwp%2Fv2%2Fproduct_cat&post=174"},{"taxonomy":"product_tag","embeddable":true,"href":"https:\/\/www.milumammu.lv\/index.php?rest_route=%2Fwp%2Fv2%2Fproduct_tag&post=174"}],"curies":[{"name":"wp","href":"https:\/\/api.w.org\/{rel}","templated":true}]}}