{"id":1789,"date":"2023-04-04T10:46:07","date_gmt":"2023-04-04T08:46:07","guid":{"rendered":"https:\/\/www.milumammu.lv\/?product=gulbisu-komplekts-50-52cm"},"modified":"2023-04-04T11:04:13","modified_gmt":"2023-04-04T09:04:13","slug":"gulbisu-komplekts-50-52cm","status":"publish","type":"product","link":"https:\/\/www.milumammu.lv\/?product=gulbisu-komplekts-50-52cm","title":{"rendered":"Gulb\u012b\u0161u komplekts (~50-52cm)"},"content":{"rendered":"<p>Pieejams att\u0113l\u0101 redzamais kr\u0101su salikums nor\u0101d\u012btaj\u0101 izm\u0113r\u0101.<\/p>\n<p>Ja v\u0113laties citu kr\u0101su salikumu vai izm\u0113ru, tad apskatiet pieejamos produktus m\u016bsu internetveikala sada\u013c\u0101\u00a0<a href=\"http:\/\/www.milumammu.lv\/?product_cat=tunelsalles\" target=\"_blank\">Tune\u013c\u0161alles \/ Cepures \/ Komplekti<\/a>, kur var\u0113siet atrast sev t\u012bkamo kr\u0101su salikumu un\/ vai izm\u0113ru.<\/p>\n","protected":false},"excerpt":{"rendered":"<p>100% roku darbs.<\/p>\n<p>Cepurei \/ tune\u013c\u0161allei tiek izmantots kokvilnas trikot\u0101\u017eas audums (kokvilna + elast\u0101ns).<\/p>\n<p>Cepures\u00a0\/ tune\u013c\u0161alles tiek \u0161\u016btas no da\u017e\u0101da biezuma, kr\u0101su un dizaina trikot\u0101\u017eas audumiem, kombin\u0113jot lab\u0101ko kr\u0101su salikumu un auduma biezumu.<\/p>\n<p>Cepur\u0113m \/ tune\u013c\u0161all\u0113m izm\u0113r\u0101 tiek nor\u0101d\u012bts <strong>aptuvenais<\/strong> cepures \/ tune\u013c\u0161alles <strong>apk\u0101rtm\u0113rs centimetros<\/strong>.<\/p>\n<p>Cepures \/ tune\u013c\u0161alles komplekta izm\u0113rs <strong>~50-52cm<\/strong> (parasti 4+ gadi)<\/p>\n<p>Cepures \/ tune\u013c\u0161alles kompleta biezums &#8211; vid\u0113ji biezs, audums nav \u013coti staip\u012bgs<\/p>\n","protected":false},"featured_media":1791,"comment_status":"closed","ping_status":"closed","template":"","meta":[],"product_cat":[328],"product_tag":[342,341,344,343,347,345,346],"_links":{"self":[{"href":"https:\/\/www.milumammu.lv\/index.php?rest_route=\/wp\/v2\/product\/1789"}],"collection":[{"href":"https:\/\/www.milumammu.lv\/index.php?rest_route=\/wp\/v2\/product"}],"about":[{"href":"https:\/\/www.milumammu.lv\/index.php?rest_route=\/wp\/v2\/types\/product"}],"replies":[{"embeddable":true,"href":"https:\/\/www.milumammu.lv\/index.php?rest_route=%2Fwp%2Fv2%2Fcomments&post=1789"}],"wp:featuredmedia":[{"embeddable":true,"href":"https:\/\/www.milumammu.lv\/index.php?rest_route=\/wp\/v2\/media\/1791"}],"wp:attachment":[{"href":"https:\/\/www.milumammu.lv\/index.php?rest_route=%2Fwp%2Fv2%2Fmedia&parent=1789"}],"wp:term":[{"taxonomy":"product_cat","embeddable":true,"href":"https:\/\/www.milumammu.lv\/index.php?rest_route=%2Fwp%2Fv2%2Fproduct_cat&post=1789"},{"taxonomy":"product_tag","embeddable":true,"href":"https:\/\/www.milumammu.lv\/index.php?rest_route=%2Fwp%2Fv2%2Fproduct_tag&post=1789"}],"curies":[{"name":"wp","href":"https:\/\/api.w.org\/{rel}","templated":true}]}}