{"id":386,"date":"2016-03-23T13:18:26","date_gmt":"2016-03-23T11:18:26","guid":{"rendered":"http:\/\/www.milumammu.lv\/?post_type=product&#038;p=386"},"modified":"2024-03-27T22:23:03","modified_gmt":"2024-03-27T20:23:03","slug":"apelsins","status":"publish","type":"product","link":"https:\/\/www.milumammu.lv\/?product=apelsins","title":{"rendered":"Apels\u012bns"},"content":{"rendered":"<p>Apels\u012bns sast\u0101v no apels\u012bna mizas un se\u0161\u0101m apels\u012bna daivi\u0146\u0101m.<\/p>\n<p>Darbo\u0161an\u0101s ar apels\u012bna mizas cilpi\u0146\u0101m, kuras nepiecie\u0161ams uzkabin\u0101t uz k\u0101ti\u0146a, lai aizv\u0113rtu apels\u012bna mizu, pal\u012bdz\u0113s att\u012bst\u012bt s\u012bko roku motoriku.<\/p>\n<p><em>* Apels\u012bna ideja aizg\u016bta no Melissa Shepard aprakstiem!<\/em><\/p>\n","protected":false},"excerpt":{"rendered":"<p>100% roku darbs. Izmantota: vilnas un akrila dzija, pild\u012bts ar sinteponu.<\/p>\n","protected":false},"featured_media":387,"comment_status":"open","ping_status":"closed","template":"","meta":[],"product_cat":[7],"product_tag":[152,142,27,117,116,154,153,129],"_links":{"self":[{"href":"https:\/\/www.milumammu.lv\/index.php?rest_route=\/wp\/v2\/product\/386"}],"collection":[{"href":"https:\/\/www.milumammu.lv\/index.php?rest_route=\/wp\/v2\/product"}],"about":[{"href":"https:\/\/www.milumammu.lv\/index.php?rest_route=\/wp\/v2\/types\/product"}],"replies":[{"embeddable":true,"href":"https:\/\/www.milumammu.lv\/index.php?rest_route=%2Fwp%2Fv2%2Fcomments&post=386"}],"wp:featuredmedia":[{"embeddable":true,"href":"https:\/\/www.milumammu.lv\/index.php?rest_route=\/wp\/v2\/media\/387"}],"wp:attachment":[{"href":"https:\/\/www.milumammu.lv\/index.php?rest_route=%2Fwp%2Fv2%2Fmedia&parent=386"}],"wp:term":[{"taxonomy":"product_cat","embeddable":true,"href":"https:\/\/www.milumammu.lv\/index.php?rest_route=%2Fwp%2Fv2%2Fproduct_cat&post=386"},{"taxonomy":"product_tag","embeddable":true,"href":"https:\/\/www.milumammu.lv\/index.php?rest_route=%2Fwp%2Fv2%2Fproduct_tag&post=386"}],"curies":[{"name":"wp","href":"https:\/\/api.w.org\/{rel}","templated":true}]}}