{"id":63,"date":"2016-01-12T14:51:12","date_gmt":"2016-01-12T11:51:12","guid":{"rendered":"http:\/\/milumammu.ddns.net\/?post_type=product&#038;p=63"},"modified":"2025-11-22T12:48:10","modified_gmt":"2025-11-22T10:48:10","slug":"apalais-rediss","status":"publish","type":"product","link":"https:\/\/www.milumammu.lv\/?product=apalais-rediss","title":{"rendered":"Apa\u013cais red\u012bss (ar piepog\u0101jam\u0101m lap\u0101m)"},"content":{"rendered":"<p><em>*Red\u012bsa ideja aizg\u016bta no Veronica Kay aprakstiem!<\/em><\/p>\n","protected":false},"excerpt":{"rendered":"<p>100% roku darbs. Izmantota: vilnas un akrila dzija, pild\u012bts ar sinteponu.<\/p>\n<p>Apa\u013cais red\u012bss\u00a0ar piepog\u0101jam\u0101m lap\u0101m &#8211; red\u012bsam ir\u00a0pie\u0161\u016bta poga uz kuras var piepog\u0101t lapu komplektu.<\/p>\n<p>&nbsp;<\/p>\n","protected":false},"featured_media":609,"comment_status":"open","ping_status":"closed","template":"","meta":[],"product_cat":[7],"product_tag":[57,132,51,50,133,46],"_links":{"self":[{"href":"https:\/\/www.milumammu.lv\/index.php?rest_route=\/wp\/v2\/product\/63"}],"collection":[{"href":"https:\/\/www.milumammu.lv\/index.php?rest_route=\/wp\/v2\/product"}],"about":[{"href":"https:\/\/www.milumammu.lv\/index.php?rest_route=\/wp\/v2\/types\/product"}],"replies":[{"embeddable":true,"href":"https:\/\/www.milumammu.lv\/index.php?rest_route=%2Fwp%2Fv2%2Fcomments&post=63"}],"wp:featuredmedia":[{"embeddable":true,"href":"https:\/\/www.milumammu.lv\/index.php?rest_route=\/wp\/v2\/media\/609"}],"wp:attachment":[{"href":"https:\/\/www.milumammu.lv\/index.php?rest_route=%2Fwp%2Fv2%2Fmedia&parent=63"}],"wp:term":[{"taxonomy":"product_cat","embeddable":true,"href":"https:\/\/www.milumammu.lv\/index.php?rest_route=%2Fwp%2Fv2%2Fproduct_cat&post=63"},{"taxonomy":"product_tag","embeddable":true,"href":"https:\/\/www.milumammu.lv\/index.php?rest_route=%2Fwp%2Fv2%2Fproduct_tag&post=63"}],"curies":[{"name":"wp","href":"https:\/\/api.w.org\/{rel}","templated":true}]}}