{"id":685,"date":"2016-12-04T13:05:00","date_gmt":"2016-12-04T11:05:00","guid":{"rendered":"http:\/\/www.milumammu.lv\/?post_type=product&#038;p=685"},"modified":"2016-12-08T13:38:29","modified_gmt":"2016-12-08T11:38:29","slug":"davanu-karte-40-00-eur-vertiba","status":"publish","type":"product","link":"https:\/\/www.milumammu.lv\/?product=davanu-karte-40-00-eur-vertiba","title":{"rendered":"D\u0101vanu karte 40.00 Eur v\u0113rt\u012bb\u0101"},"content":{"rendered":"","protected":false},"excerpt":{"rendered":"<p>MiluMammu d\u0101vanu karte sniedz iesp\u0113ju\u00a0ieg\u0101d\u0101ties jebkurus MiluMammu internetveikal\u0101 pieejamos produktus!<\/p>\n<p>Katra d\u0101vanu karte ir re\u0123istr\u0113ta sist\u0113m\u0101 ar savu unik\u0101lo numuru, t\u0101s v\u0113rt\u012bbu un der\u012bguma termi\u0146u.<\/p>\n<p>D\u0101vanu karte der\u012bga 6 m\u0113ne\u0161us no ieg\u0101des br\u012b\u017ea.<\/p>\n<p>D\u0101vanu kartei ir iesp\u0113jams izv\u0113l\u0113ties iesai\u0146ojuma veidu:<\/p>\n<ul>\n<li>kr\u0101saina aploksne<\/li>\n<li>improviz\u0113ta &#8220;aploksne&#8221; ar lent\u012bti<\/li>\n<\/ul>\n<p>Aplok\u0161\u0146u, iesai\u0146ojuma un lent\u012b\u0161u kr\u0101sas var main\u012bties, ja ir v\u0113lme p\u0113c k\u0101das konkr\u0113tas kr\u0101sas, to l\u016bdzam nor\u0101d\u012bt piez\u012bm\u0113s, veicot pas\u016bt\u012bjumu!<\/p>\n","protected":false},"featured_media":701,"comment_status":"open","ping_status":"closed","template":"","meta":[],"product_cat":[211],"product_tag":[216,204,198,195,214,213,215,202,217],"_links":{"self":[{"href":"https:\/\/www.milumammu.lv\/index.php?rest_route=\/wp\/v2\/product\/685"}],"collection":[{"href":"https:\/\/www.milumammu.lv\/index.php?rest_route=\/wp\/v2\/product"}],"about":[{"href":"https:\/\/www.milumammu.lv\/index.php?rest_route=\/wp\/v2\/types\/product"}],"replies":[{"embeddable":true,"href":"https:\/\/www.milumammu.lv\/index.php?rest_route=%2Fwp%2Fv2%2Fcomments&post=685"}],"wp:featuredmedia":[{"embeddable":true,"href":"https:\/\/www.milumammu.lv\/index.php?rest_route=\/wp\/v2\/media\/701"}],"wp:attachment":[{"href":"https:\/\/www.milumammu.lv\/index.php?rest_route=%2Fwp%2Fv2%2Fmedia&parent=685"}],"wp:term":[{"taxonomy":"product_cat","embeddable":true,"href":"https:\/\/www.milumammu.lv\/index.php?rest_route=%2Fwp%2Fv2%2Fproduct_cat&post=685"},{"taxonomy":"product_tag","embeddable":true,"href":"https:\/\/www.milumammu.lv\/index.php?rest_route=%2Fwp%2Fv2%2Fproduct_tag&post=685"}],"curies":[{"name":"wp","href":"https:\/\/api.w.org\/{rel}","templated":true}]}}