{"id":738,"date":"2016-12-14T23:10:39","date_gmt":"2016-12-14T21:10:39","guid":{"rendered":"http:\/\/www.milumammu.lv\/?post_type=product&#038;p=738"},"modified":"2024-03-27T22:22:45","modified_gmt":"2024-03-27T20:22:45","slug":"bumbieris","status":"publish","type":"product","link":"https:\/\/www.milumammu.lv\/?product=bumbieris","title":{"rendered":"Bumbieris"},"content":{"rendered":"<p>Bumbieris sast\u0101v no div\u0101m bumbiera pus\u012bt\u0113m, kuru mal\u0101s ir mazas cilpi\u0146as, un &#8220;\u0161\u0146or\u012btes&#8221;, kuras nepiecie\u0161ams kop\u0101 sa\u0161\u0146or\u0113t jeb imit\u0113t sa\u0161\u016b\u0161anu.<\/p>\n<p>Treni\u0146\u0161 ar bumbiera &#8220;\u0161\u0146or\u012bti&#8221; pal\u012bdz b\u0113rnam att\u012bst\u012bt s\u012bko roku motoriku, precizit\u0101ti un att\u012bsta \u0161\u016b\u0161anas \/ \u0161\u0146or\u0113\u0161anas prasmes.<\/p>\n","protected":false},"excerpt":{"rendered":"<p>100% roku darbs. Izmantota: vilnas un akrila dzija, pild\u012bts ar sinteponu.<\/p>\n<p>&nbsp;<\/p>\n","protected":false},"featured_media":742,"comment_status":"open","ping_status":"closed","template":"","meta":[],"product_cat":[7],"product_tag":[218,198,219,30,221,222,220],"_links":{"self":[{"href":"https:\/\/www.milumammu.lv\/index.php?rest_route=\/wp\/v2\/product\/738"}],"collection":[{"href":"https:\/\/www.milumammu.lv\/index.php?rest_route=\/wp\/v2\/product"}],"about":[{"href":"https:\/\/www.milumammu.lv\/index.php?rest_route=\/wp\/v2\/types\/product"}],"replies":[{"embeddable":true,"href":"https:\/\/www.milumammu.lv\/index.php?rest_route=%2Fwp%2Fv2%2Fcomments&post=738"}],"wp:featuredmedia":[{"embeddable":true,"href":"https:\/\/www.milumammu.lv\/index.php?rest_route=\/wp\/v2\/media\/742"}],"wp:attachment":[{"href":"https:\/\/www.milumammu.lv\/index.php?rest_route=%2Fwp%2Fv2%2Fmedia&parent=738"}],"wp:term":[{"taxonomy":"product_cat","embeddable":true,"href":"https:\/\/www.milumammu.lv\/index.php?rest_route=%2Fwp%2Fv2%2Fproduct_cat&post=738"},{"taxonomy":"product_tag","embeddable":true,"href":"https:\/\/www.milumammu.lv\/index.php?rest_route=%2Fwp%2Fv2%2Fproduct_tag&post=738"}],"curies":[{"name":"wp","href":"https:\/\/api.w.org\/{rel}","templated":true}]}}