{"id":900,"date":"2017-10-07T14:36:54","date_gmt":"2017-10-07T12:36:54","guid":{"rendered":"http:\/\/www.milumammu.lv\/?post_type=product&#038;p=900"},"modified":"2020-09-09T20:47:51","modified_gmt":"2020-09-09T18:47:51","slug":"attistosa-millupatina","status":"publish","type":"product","link":"https:\/\/www.milumammu.lv\/?product=attistosa-millupatina","title":{"rendered":"Att\u012bsto\u0161\u0101 m\u012b\u013clupati\u0146a"},"content":{"rendered":"<p>Att\u012bsto\u0161\u0101 m\u012b\u013clupati\u0146a pal\u012bdz\u0113s att\u012bst\u012bt mazu\u013ca ma\u0146as un b\u016bs labs laika kav\u0113klis.<\/p>\n<p>Katra m\u012b\u013clupati\u0146a ir sa\u0161\u016bta no kr\u0101saina kokvilnas un balta fl\u012bsa auduma, vienam st\u016brim ir pagarin\u0101ta mala, kas sasieta mezgl\u0101, lai piesaist\u012btu mazu\u013ca uzman\u012bbu. Divas m\u012b\u013clupati\u0146as malas ir no\u0161\u016btas ar da\u017e\u0101das kr\u0101sas, tekst\u016bras un lieluma lent\u012bt\u0113m, aukli\u0146\u0101m, suta\u017e\u0101m, gumij\u0101m un koka bumbi\u0146\u0101m, lai piesaist\u012btu mazu\u013ca uzman\u012bbu.<\/p>\n<p>\u0145emot v\u0113r\u0101, ka tas ir roku darbs, katra m\u012b\u013clupati\u0146a ir unik\u0101la.<\/p>\n<p>Ir iesp\u0113ja izv\u0113l\u0113ties m\u012b\u013cupati\u0146as kokvilnas audumu, bet mazie &#8220;knibuc\u012b\u0161i&#8221; (lent\u012btes, aukli\u0146as u.c.) var at\u0161\u0137irsies no att\u0113l\u0101 redzamajiem.<\/p>\n<p>M\u012b\u013clupati\u0146as izm\u0113rs ir ~25*25 cm (neskaitot mazos &#8220;knibuc\u012b\u0161us&#8221; un lielo mezglu).<\/p>\n","protected":false},"excerpt":{"rendered":"<p>100% roku darbs. Izmantots: kokvilnas un fl\u012bsa audums, da\u017e\u0101das lent\u012btes, aukli\u0146as, suta\u017eas, gumijas un koka bumbi\u0146as.<\/p>\n","protected":false},"featured_media":1428,"comment_status":"closed","ping_status":"closed","template":"","meta":[],"product_cat":[134],"product_tag":[278,276,274,277,273,271,194,272,275],"_links":{"self":[{"href":"https:\/\/www.milumammu.lv\/index.php?rest_route=\/wp\/v2\/product\/900"}],"collection":[{"href":"https:\/\/www.milumammu.lv\/index.php?rest_route=\/wp\/v2\/product"}],"about":[{"href":"https:\/\/www.milumammu.lv\/index.php?rest_route=\/wp\/v2\/types\/product"}],"replies":[{"embeddable":true,"href":"https:\/\/www.milumammu.lv\/index.php?rest_route=%2Fwp%2Fv2%2Fcomments&post=900"}],"wp:featuredmedia":[{"embeddable":true,"href":"https:\/\/www.milumammu.lv\/index.php?rest_route=\/wp\/v2\/media\/1428"}],"wp:attachment":[{"href":"https:\/\/www.milumammu.lv\/index.php?rest_route=%2Fwp%2Fv2%2Fmedia&parent=900"}],"wp:term":[{"taxonomy":"product_cat","embeddable":true,"href":"https:\/\/www.milumammu.lv\/index.php?rest_route=%2Fwp%2Fv2%2Fproduct_cat&post=900"},{"taxonomy":"product_tag","embeddable":true,"href":"https:\/\/www.milumammu.lv\/index.php?rest_route=%2Fwp%2Fv2%2Fproduct_tag&post=900"}],"curies":[{"name":"wp","href":"https:\/\/api.w.org\/{rel}","templated":true}]}}